{"id":277,"date":"2025-10-09T00:07:26","date_gmt":"2025-10-09T03:07:26","guid":{"rendered":"https:\/\/redplaneta.cl\/web\/offerings\/"},"modified":"2025-11-28T17:35:29","modified_gmt":"2025-11-28T20:35:29","slug":"offerings","status":"publish","type":"page","link":"https:\/\/redplaneta.cl\/web\/offerings\/","title":{"rendered":"Offerings"},"content":{"rendered":"\t\t<div data-elementor-type=\"wp-page\" data-elementor-id=\"277\" class=\"elementor elementor-277\">\n\t\t\t\t<div class=\"elementor-element elementor-element-08d2b1d e-flex e-con-boxed e-con e-parent\" data-id=\"08d2b1d\" data-element_type=\"container\" data-settings=\"{&quot;background_background&quot;:&quot;classic&quot;}\">\n\t\t\t\t\t<div class=\"e-con-inner\">\n\t\t\t\t<div class=\"elementor-element elementor-element-cb732a3 elementor-widget elementor-widget-heading\" data-id=\"cb732a3\" data-element_type=\"widget\" data-widget_type=\"heading.default\">\n\t\t\t\t\t<h1 class=\"elementor-heading-title elementor-size-default\">Ofrecemos Reciclaje<\/h1>\t\t\t\t<\/div>\n\t\t\t\t\t<\/div>\n\t\t\t\t<\/div>\n\t\t<div class=\"elementor-element elementor-element-1821ff6 e-flex e-con-boxed e-con e-parent\" data-id=\"1821ff6\" data-element_type=\"container\" data-settings=\"{&quot;background_background&quot;:&quot;classic&quot;}\">\n\t\t\t\t\t<div class=\"e-con-inner\">\n\t\t\t\t<div class=\"elementor-element elementor-element-63eecf7 elementor-widget elementor-widget-image-box\" data-id=\"63eecf7\" data-element_type=\"widget\" data-widget_type=\"image-box.default\">\n\t\t\t\t\t<div class=\"elementor-image-box-wrapper\"><div class=\"elementor-image-box-content\"><h2 class=\"elementor-image-box-title\">Nuestros Servicios de Reciclaje\u200b<\/h2><p class=\"elementor-image-box-description\">Descubre nuestras soluciones integrales para el reciclaje de metales y chatarra, dise\u00f1adas para cuidar del medio ambiente y mejorar la econom\u00eda.\u200b<\/p><\/div><\/div>\t\t\t\t<\/div>\n\t\t<div class=\"elementor-element elementor-element-a030e8e e-con-full e-flex e-con e-child\" data-id=\"a030e8e\" data-element_type=\"container\">\n\t\t<div class=\"elementor-element elementor-element-caa14c2 e-con-full e-flex e-con e-child\" data-id=\"caa14c2\" data-element_type=\"container\">\n\t\t\t\t<div class=\"elementor-element elementor-element-a740759 elementor-widget elementor-widget-image\" data-id=\"a740759\" data-element_type=\"widget\" data-widget_type=\"image.default\">\n\t\t\t\t\t\t\t\t\t\t\t\t\t\t\t<img fetchpriority=\"high\" decoding=\"async\" width=\"700\" height=\"1057\" src=\"https:\/\/redplaneta.cl\/web\/wp-content\/uploads\/2025\/10\/pexels-photo-17367619-1.jpeg\" class=\"attachment-full size-full wp-image-535\" alt=\"pexels photo 17367619.jpeg\" srcset=\"https:\/\/redplaneta.cl\/web\/wp-content\/uploads\/2025\/10\/pexels-photo-17367619-1.jpeg 700w, https:\/\/redplaneta.cl\/web\/wp-content\/uploads\/2025\/10\/pexels-photo-17367619-1-199x300.jpeg 199w, https:\/\/redplaneta.cl\/web\/wp-content\/uploads\/2025\/10\/pexels-photo-17367619-1-678x1024.jpeg 678w\" sizes=\"(max-width: 700px) 100vw, 700px\" title=\"Offerings\">\t\t\t\t\t\t\t\t\t\t\t\t\t\t\t<\/div>\n\t\t\t\t<\/div>\n\t\t<div class=\"elementor-element elementor-element-de69b16 e-con-full e-flex e-con e-child\" data-id=\"de69b16\" data-element_type=\"container\">\n\t\t\t\t<div class=\"elementor-element elementor-element-aaf103a elementor-widget elementor-widget-heading\" data-id=\"aaf103a\" data-element_type=\"widget\" data-widget_type=\"heading.default\">\n\t\t\t\t\t<p class=\"elementor-heading-title elementor-size-default\">01<\/p>\t\t\t\t<\/div>\n\t\t\t\t<div class=\"elementor-element elementor-element-6a34afb elementor-widget elementor-widget-hfe-infocard\" data-id=\"6a34afb\" data-element_type=\"widget\" data-widget_type=\"hfe-infocard.default\">\n\t\t\t\t<div class=\"elementor-widget-container\">\n\t\t\t\t\t\n\t\t<div class=\"hfe-infocard\">\n\t\t\t\t\t\t\t\t\t<div class=\"hfe-infocard-title-wrap\">\n\t\t\t\t<h3 class=\"hfe-infocard-title elementor-inline-editing\" data-elementor-setting-key=\"infocard_title\" data-elementor-inline-editing-toolbar=\"basic\" >Compra de Chatarra\u200b<\/h3>\t\t\t<\/div>\n\t\t\t\t\t\t<div class=\"hfe-infocard-text-wrap\">\n\t\t\t\t<div class=\"hfe-infocard-text elementor-inline-editing\" data-elementor-setting-key=\"infocard_description\" data-elementor-inline-editing-toolbar=\"advanced\">\n\t\t\t\t\tNos especializamos en la compra y recogida de chatarra de diferentes tipos, incluyendo metal f\u00e9rrico y no f\u00e9rrico. Facilitar el proceso es nuestra prioridad, asegurando un servicio eficiente y responsable.\t\t\t\t<\/div>\n\t\t\t\t\t\t\t<\/div>\n\t\t<\/div>\n\n\t\t\t\t\t\t<\/div>\n\t\t\t\t<\/div>\n\t\t\t\t<div class=\"elementor-element elementor-element-a2ba344 elementor-align-left elementor-widget elementor-widget-button\" data-id=\"a2ba344\" data-element_type=\"widget\" data-widget_type=\"button.default\">\n\t\t\t\t\t\t\t\t\t\t<a class=\"elementor-button elementor-button-link elementor-size-sm\" href=\"\/web\/offerings\/\">\n\t\t\t\t\t\t<span class=\"elementor-button-content-wrapper\">\n\t\t\t\t\t\t\t\t\t<span class=\"elementor-button-text\">Empezar<\/span>\n\t\t\t\t\t<\/span>\n\t\t\t\t\t<\/a>\n\t\t\t\t\t\t\t\t<\/div>\n\t\t\t\t<\/div>\n\t\t\t\t<\/div>\n\t\t<div class=\"elementor-element elementor-element-1671a9e e-con-full e-flex e-con e-child\" data-id=\"1671a9e\" data-element_type=\"container\">\n\t\t<div class=\"elementor-element elementor-element-9e1cc28 e-con-full e-flex e-con e-child\" data-id=\"9e1cc28\" data-element_type=\"container\">\n\t\t\t\t<div class=\"elementor-element elementor-element-98554cc elementor-widget elementor-widget-heading\" data-id=\"98554cc\" data-element_type=\"widget\" data-widget_type=\"heading.default\">\n\t\t\t\t\t<p class=\"elementor-heading-title elementor-size-default\">02<\/p>\t\t\t\t<\/div>\n\t\t\t\t<div class=\"elementor-element elementor-element-68c108f elementor-widget elementor-widget-hfe-infocard\" data-id=\"68c108f\" data-element_type=\"widget\" data-widget_type=\"hfe-infocard.default\">\n\t\t\t\t<div class=\"elementor-widget-container\">\n\t\t\t\t\t\n\t\t<div class=\"hfe-infocard\">\n\t\t\t\t\t\t\t\t\t<div class=\"hfe-infocard-title-wrap\">\n\t\t\t\t<h3 class=\"hfe-infocard-title elementor-inline-editing\" data-elementor-setting-key=\"infocard_title\" data-elementor-inline-editing-toolbar=\"basic\" >Recogida Especializada\u200b<\/h3>\t\t\t<\/div>\n\t\t\t\t\t\t<div class=\"hfe-infocard-text-wrap\">\n\t\t\t\t<div class=\"hfe-infocard-text elementor-inline-editing\" data-elementor-setting-key=\"infocard_description\" data-elementor-inline-editing-toolbar=\"advanced\">\n\t\t\t\t\tRealizamos la clasificaci\u00f3n y tratamiento de chatarra en nuestra planta con maquinaria especializada. Garantizamos procesos seguros y eficientes que contribuyen a la sostenibilidad y la econom\u00eda circular.\t\t\t\t<\/div>\n\t\t\t\t\t\t\t<\/div>\n\t\t<\/div>\n\n\t\t\t\t\t\t<\/div>\n\t\t\t\t<\/div>\n\t\t\t\t<div class=\"elementor-element elementor-element-85047d6 elementor-align-left elementor-widget elementor-widget-button\" data-id=\"85047d6\" data-element_type=\"widget\" data-widget_type=\"button.default\">\n\t\t\t\t\t\t\t\t\t\t<a class=\"elementor-button elementor-button-link elementor-size-sm\" href=\"\/web\/offerings\/\">\n\t\t\t\t\t\t<span class=\"elementor-button-content-wrapper\">\n\t\t\t\t\t\t\t\t\t<span class=\"elementor-button-text\">Empezar<\/span>\n\t\t\t\t\t<\/span>\n\t\t\t\t\t<\/a>\n\t\t\t\t\t\t\t\t<\/div>\n\t\t\t\t<\/div>\n\t\t<div class=\"elementor-element elementor-element-ba03359 e-con-full e-flex e-con e-child\" data-id=\"ba03359\" data-element_type=\"container\">\n\t\t\t\t<div class=\"elementor-element elementor-element-6324539 elementor-widget elementor-widget-image\" data-id=\"6324539\" data-element_type=\"widget\" data-widget_type=\"image.default\">\n\t\t\t\t\t\t\t\t\t\t\t\t\t\t\t<img decoding=\"async\" width=\"700\" height=\"1050\" src=\"https:\/\/redplaneta.cl\/web\/wp-content\/uploads\/2025\/10\/pexels-photo-9669805-1.jpeg\" class=\"attachment-full size-full wp-image-536\" alt=\"pexels photo 9669805.jpeg\" srcset=\"https:\/\/redplaneta.cl\/web\/wp-content\/uploads\/2025\/10\/pexels-photo-9669805-1.jpeg 700w, https:\/\/redplaneta.cl\/web\/wp-content\/uploads\/2025\/10\/pexels-photo-9669805-1-200x300.jpeg 200w, https:\/\/redplaneta.cl\/web\/wp-content\/uploads\/2025\/10\/pexels-photo-9669805-1-683x1024.jpeg 683w\" sizes=\"(max-width: 700px) 100vw, 700px\" title=\"Offerings\">\t\t\t\t\t\t\t\t\t\t\t\t\t\t\t<\/div>\n\t\t\t\t<\/div>\n\t\t\t\t<\/div>\n\t\t<div class=\"elementor-element elementor-element-0140104 e-con-full e-flex e-con e-child\" data-id=\"0140104\" data-element_type=\"container\">\n\t\t<div class=\"elementor-element elementor-element-6e4128f e-con-full e-flex e-con e-child\" data-id=\"6e4128f\" data-element_type=\"container\">\n\t\t\t\t<div class=\"elementor-element elementor-element-fc9cd32 elementor-widget elementor-widget-image\" data-id=\"fc9cd32\" data-element_type=\"widget\" data-widget_type=\"image.default\">\n\t\t\t\t\t\t\t\t\t\t\t\t\t\t\t<img decoding=\"async\" width=\"1280\" height=\"853\" src=\"https:\/\/redplaneta.cl\/web\/wp-content\/uploads\/2025\/10\/pexels-photo-30789629-1.jpeg\" class=\"attachment-full size-full wp-image-537\" alt=\"pexels photo 30789629.jpeg\" srcset=\"https:\/\/redplaneta.cl\/web\/wp-content\/uploads\/2025\/10\/pexels-photo-30789629-1.jpeg 1280w, https:\/\/redplaneta.cl\/web\/wp-content\/uploads\/2025\/10\/pexels-photo-30789629-1-300x200.jpeg 300w, https:\/\/redplaneta.cl\/web\/wp-content\/uploads\/2025\/10\/pexels-photo-30789629-1-1024x682.jpeg 1024w, https:\/\/redplaneta.cl\/web\/wp-content\/uploads\/2025\/10\/pexels-photo-30789629-1-768x512.jpeg 768w\" sizes=\"(max-width: 1280px) 100vw, 1280px\" title=\"Offerings\">\t\t\t\t\t\t\t\t\t\t\t\t\t\t\t<\/div>\n\t\t\t\t<\/div>\n\t\t<div class=\"elementor-element elementor-element-60a31fe e-con-full e-flex e-con e-child\" data-id=\"60a31fe\" data-element_type=\"container\">\n\t\t\t\t<div class=\"elementor-element elementor-element-3051a15 elementor-widget elementor-widget-heading\" data-id=\"3051a15\" data-element_type=\"widget\" data-widget_type=\"heading.default\">\n\t\t\t\t\t<p class=\"elementor-heading-title elementor-size-default\">03<\/p>\t\t\t\t<\/div>\n\t\t\t\t<div class=\"elementor-element elementor-element-208e3da elementor-widget elementor-widget-hfe-infocard\" data-id=\"208e3da\" data-element_type=\"widget\" data-widget_type=\"hfe-infocard.default\">\n\t\t\t\t<div class=\"elementor-widget-container\">\n\t\t\t\t\t\n\t\t<div class=\"hfe-infocard\">\n\t\t\t\t\t\t\t\t\t<div class=\"hfe-infocard-title-wrap\">\n\t\t\t\t<h3 class=\"hfe-infocard-title elementor-inline-editing\" data-elementor-setting-key=\"infocard_title\" data-elementor-inline-editing-toolbar=\"basic\" >Servicios para Empresas\u200b<\/h3>\t\t\t<\/div>\n\t\t\t\t\t\t<div class=\"hfe-infocard-text-wrap\">\n\t\t\t\t<div class=\"hfe-infocard-text elementor-inline-editing\" data-elementor-setting-key=\"infocard_description\" data-elementor-inline-editing-toolbar=\"advanced\">\n\t\t\t\t\tOfrecemos servicios de transporte para la recolecci\u00f3n y entrega de chatarra a fundiciones. Nos aseguramos de que nuestros clientes reciban un servicio pr\u00e1ctico y r\u00e1pido, adaptado a sus necesidades.\t\t\t\t<\/div>\n\t\t\t\t\t\t\t<\/div>\n\t\t<\/div>\n\n\t\t\t\t\t\t<\/div>\n\t\t\t\t<\/div>\n\t\t\t\t<div class=\"elementor-element elementor-element-a855aac elementor-align-left elementor-widget elementor-widget-button\" data-id=\"a855aac\" data-element_type=\"widget\" data-widget_type=\"button.default\">\n\t\t\t\t\t\t\t\t\t\t<a class=\"elementor-button elementor-button-link elementor-size-sm\" href=\"\/web\/offerings\/\">\n\t\t\t\t\t\t<span class=\"elementor-button-content-wrapper\">\n\t\t\t\t\t\t\t\t\t<span class=\"elementor-button-text\">Empezar<\/span>\n\t\t\t\t\t<\/span>\n\t\t\t\t\t<\/a>\n\t\t\t\t\t\t\t\t<\/div>\n\t\t\t\t<\/div>\n\t\t\t\t<\/div>\n\t\t\t\t\t<\/div>\n\t\t\t\t<\/div>\n\t\t<div class=\"elementor-element elementor-element-adb960c e-flex e-con-boxed e-con e-parent\" data-id=\"adb960c\" data-element_type=\"container\" data-settings=\"{&quot;background_background&quot;:&quot;classic&quot;}\">\n\t\t\t\t\t<div class=\"e-con-inner\">\n\t\t\t\t<div class=\"elementor-element elementor-element-73e4656 elementor-widget elementor-widget-testimonial\" data-id=\"73e4656\" data-element_type=\"widget\" data-widget_type=\"testimonial.default\">\n\t\t\t\t\t\t\t<div class=\"elementor-testimonial-wrapper\">\n\t\t\t\t\t\t\t<div class=\"elementor-testimonial-content\">El servicio de RED PLANETA es excepcional, siempre puntuales y muy profesionales en la gesti\u00f3n de nuestra chatarra. Totalmente recomendados.<\/div>\n\t\t\t\n\t\t\t\t\t\t<div class=\"elementor-testimonial-meta elementor-has-image elementor-testimonial-image-position-top\">\n\t\t\t\t<div class=\"elementor-testimonial-meta-inner\">\n\t\t\t\t\t\t\t\t\t\t\t<div class=\"elementor-testimonial-image\">\n\t\t\t\t\t\t\t<img decoding=\"async\" src=\"https:\/\/redplaneta.cl\/web\/wp-content\/plugins\/elementor\/assets\/images\/placeholder.png\" title=\"Offerings\" alt=\"Placeholder\" loading=\"lazy\">\t\t\t\t\t\t<\/div>\n\t\t\t\t\t\n\t\t\t\t\t\t\t\t\t\t<div class=\"elementor-testimonial-details\">\n\t\t\t\t\t\t\t\t\t\t\t\t\t\t<div class=\"elementor-testimonial-name\">Ana P\u00e9rez<\/div>\n\t\t\t\t\t\t\t\t\t\t\t\t\t\t\t\t\t\t\t<\/div>\n\t\t\t\t\t\t\t\t\t<\/div>\n\t\t\t<\/div>\n\t\t\t\t\t<\/div>\n\t\t\t\t\t\t<\/div>\n\t\t\t\t\t<\/div>\n\t\t\t\t<\/div>\n\t\t<div class=\"elementor-element elementor-element-e7a6a7a e-flex e-con-boxed e-con e-parent\" data-id=\"e7a6a7a\" data-element_type=\"container\" data-settings=\"{&quot;background_background&quot;:&quot;classic&quot;}\">\n\t\t\t\t\t<div class=\"e-con-inner\">\n\t\t\t\t<div class=\"elementor-element elementor-element-dec54f0 elementor-widget elementor-widget-image-box\" data-id=\"dec54f0\" data-element_type=\"widget\" data-widget_type=\"image-box.default\">\n\t\t\t\t\t<div class=\"elementor-image-box-wrapper\"><div class=\"elementor-image-box-content\"><h2 class=\"elementor-image-box-title\">Compromiso con el Medio Ambiente y la Econom\u00eda\u200b<\/h2><p class=\"elementor-image-box-description\">En RED PLANETA, nuestro enfoque est\u00e1 en la sostenibilidad y la reducci\u00f3n de desperdicios, proporcionando soluciones que benefician tanto al planeta como a nuestros clientes.\u200b<\/p><\/div><\/div>\t\t\t\t<\/div>\n\t\t<div class=\"elementor-element elementor-element-3c9b079 e-con-full e-flex e-con e-child\" data-id=\"3c9b079\" data-element_type=\"container\">\n\t\t<div class=\"elementor-element elementor-element-7789b9e e-con-full e-flex e-con e-child\" data-id=\"7789b9e\" data-element_type=\"container\">\n\t\t\t\t<div class=\"elementor-element elementor-element-254380d elementor-widget elementor-widget-image\" data-id=\"254380d\" data-element_type=\"widget\" data-widget_type=\"image.default\">\n\t\t\t\t\t\t\t\t\t\t\t\t\t\t\t<img loading=\"lazy\" decoding=\"async\" width=\"1280\" height=\"853\" src=\"https:\/\/redplaneta.cl\/web\/wp-content\/uploads\/2025\/10\/pexels-photo-6591436-1.jpeg\" class=\"attachment-full size-full wp-image-524\" alt=\"pexels photo 6591436.jpeg\" srcset=\"https:\/\/redplaneta.cl\/web\/wp-content\/uploads\/2025\/10\/pexels-photo-6591436-1.jpeg 1280w, https:\/\/redplaneta.cl\/web\/wp-content\/uploads\/2025\/10\/pexels-photo-6591436-1-300x200.jpeg 300w, https:\/\/redplaneta.cl\/web\/wp-content\/uploads\/2025\/10\/pexels-photo-6591436-1-1024x682.jpeg 1024w, https:\/\/redplaneta.cl\/web\/wp-content\/uploads\/2025\/10\/pexels-photo-6591436-1-768x512.jpeg 768w\" sizes=\"(max-width: 1280px) 100vw, 1280px\" title=\"Offerings\">\t\t\t\t\t\t\t\t\t\t\t\t\t\t\t<\/div>\n\t\t\t\t<div class=\"elementor-element elementor-element-11a0bbf elementor-widget elementor-widget-hfe-infocard\" data-id=\"11a0bbf\" data-element_type=\"widget\" data-widget_type=\"hfe-infocard.default\">\n\t\t\t\t<div class=\"elementor-widget-container\">\n\t\t\t\t\t\n\t\t<div class=\"hfe-infocard\">\n\t\t\t\t\t\t\t\t\t<div class=\"hfe-infocard-title-wrap\">\n\t\t\t\t<h3 class=\"hfe-infocard-title elementor-inline-editing\" data-elementor-setting-key=\"infocard_title\" data-elementor-inline-editing-toolbar=\"basic\" >Impacto Ecol\u00f3gico Positivo\u200b<\/h3>\t\t\t<\/div>\n\t\t\t\t\t\t<div class=\"hfe-infocard-text-wrap\">\n\t\t\t\t<div class=\"hfe-infocard-text elementor-inline-editing\" data-elementor-setting-key=\"infocard_description\" data-elementor-inline-editing-toolbar=\"advanced\">\n\t\t\t\t\tNuestro proceso de reciclaje reduce la necesidad de materias primas nuevas, disminuyendo as\u00ed las emisiones de CO2 y protegiendo el medio ambiente.\t\t\t\t<\/div>\n\t\t\t\t\t\t\t<\/div>\n\t\t<\/div>\n\n\t\t\t\t\t\t<\/div>\n\t\t\t\t<\/div>\n\t\t\t\t<\/div>\n\t\t<div class=\"elementor-element elementor-element-9c4358c e-con-full e-flex e-con e-child\" data-id=\"9c4358c\" data-element_type=\"container\">\n\t\t\t\t<div class=\"elementor-element elementor-element-395caf4 elementor-widget elementor-widget-image\" data-id=\"395caf4\" data-element_type=\"widget\" data-widget_type=\"image.default\">\n\t\t\t\t\t\t\t\t\t\t\t\t\t\t\t<img loading=\"lazy\" decoding=\"async\" width=\"1280\" height=\"853\" src=\"https:\/\/redplaneta.cl\/web\/wp-content\/uploads\/2025\/10\/pexels-photo-2035016-1.jpeg\" class=\"attachment-full size-full wp-image-525\" alt=\"pexels photo 2035016.jpeg\" srcset=\"https:\/\/redplaneta.cl\/web\/wp-content\/uploads\/2025\/10\/pexels-photo-2035016-1.jpeg 1280w, https:\/\/redplaneta.cl\/web\/wp-content\/uploads\/2025\/10\/pexels-photo-2035016-1-300x200.jpeg 300w, https:\/\/redplaneta.cl\/web\/wp-content\/uploads\/2025\/10\/pexels-photo-2035016-1-1024x682.jpeg 1024w, https:\/\/redplaneta.cl\/web\/wp-content\/uploads\/2025\/10\/pexels-photo-2035016-1-768x512.jpeg 768w\" sizes=\"(max-width: 1280px) 100vw, 1280px\" title=\"Offerings\">\t\t\t\t\t\t\t\t\t\t\t\t\t\t\t<\/div>\n\t\t\t\t<div class=\"elementor-element elementor-element-2691832 elementor-widget elementor-widget-hfe-infocard\" data-id=\"2691832\" data-element_type=\"widget\" data-widget_type=\"hfe-infocard.default\">\n\t\t\t\t<div class=\"elementor-widget-container\">\n\t\t\t\t\t\n\t\t<div class=\"hfe-infocard\">\n\t\t\t\t\t\t\t\t\t<div class=\"hfe-infocard-title-wrap\">\n\t\t\t\t<h3 class=\"hfe-infocard-title elementor-inline-editing\" data-elementor-setting-key=\"infocard_title\" data-elementor-inline-editing-toolbar=\"basic\" >Eficiencia en Costos\u200b<\/h3>\t\t\t<\/div>\n\t\t\t\t\t\t<div class=\"hfe-infocard-text-wrap\">\n\t\t\t\t<div class=\"hfe-infocard-text elementor-inline-editing\" data-elementor-setting-key=\"infocard_description\" data-elementor-inline-editing-toolbar=\"advanced\">\n\t\t\t\t\tOfrecemos precios justos y competitivos, lo que permite ahorrar a nuestros clientes en la gesti\u00f3n de sus residuos met\u00e1licos y maximizar su rentabilidad.\t\t\t\t<\/div>\n\t\t\t\t\t\t\t<\/div>\n\t\t<\/div>\n\n\t\t\t\t\t\t<\/div>\n\t\t\t\t<\/div>\n\t\t\t\t<\/div>\n\t\t\t\t<\/div>\n\t\t\t\t\t<\/div>\n\t\t\t\t<\/div>\n\t\t<div class=\"elementor-element elementor-element-3586991 e-flex e-con-boxed e-con e-parent\" data-id=\"3586991\" data-element_type=\"container\" data-settings=\"{&quot;background_background&quot;:&quot;classic&quot;}\">\n\t\t\t\t\t<div class=\"e-con-inner\">\n\t\t\t\t<div class=\"elementor-element elementor-element-fab137f elementor-widget elementor-widget-image-box\" data-id=\"fab137f\" data-element_type=\"widget\" data-widget_type=\"image-box.default\">\n\t\t\t\t\t<div class=\"elementor-image-box-wrapper\"><div class=\"elementor-image-box-content\"><h2 class=\"elementor-image-box-title\">Haz la Diferencia Hoy\u200b<\/h2><p class=\"elementor-image-box-description\">Cont\u00e1ctanos para obtener m\u00e1s informaci\u00f3n sobre nuestros servicios de reciclaje y \u00fanete a nuestra misi\u00f3n de cuidar el planeta.<\/p><\/div><\/div>\t\t\t\t<\/div>\n\t\t\t\t<div class=\"elementor-element elementor-element-7d5a716 elementor-align-center elementor-widget elementor-widget-button\" data-id=\"7d5a716\" data-element_type=\"widget\" data-widget_type=\"button.default\">\n\t\t\t\t\t\t\t\t\t\t<a class=\"elementor-button elementor-button-link elementor-size-sm\" href=\"\/web\/contact\">\n\t\t\t\t\t\t<span class=\"elementor-button-content-wrapper\">\n\t\t\t\t\t\t\t\t\t<span class=\"elementor-button-text\">Cont\u00e1ctanos Ahora<\/span>\n\t\t\t\t\t<\/span>\n\t\t\t\t\t<\/a>\n\t\t\t\t\t\t\t\t<\/div>\n\t\t\t\t\t<\/div>\n\t\t\t\t<\/div>\n\t\t\t\t<\/div>\n\t\t","protected":false},"excerpt":{"rendered":"<p>Ofrecemos Reciclaje Nuestros Servicios de Reciclaje\u200b Descubre nuestras soluciones integrales para el reciclaje de metales y chatarra, dise\u00f1adas para cuidar [&hellip;]<\/p>\n","protected":false},"author":1,"featured_media":0,"parent":0,"menu_order":0,"comment_status":"closed","ping_status":"closed","template":"","meta":{"site-sidebar-layout":"no-sidebar","site-content-layout":"","ast-site-content-layout":"full-width-container","site-content-style":"default","site-sidebar-style":"default","ast-global-header-display":"","ast-banner-title-visibility":"","ast-main-header-display":"","ast-hfb-above-header-display":"","ast-hfb-below-header-display":"","ast-hfb-mobile-header-display":"","site-post-title":"disabled","ast-breadcrumbs-content":"","ast-featured-img":"disabled","footer-sml-layout":"","theme-transparent-header-meta":"","adv-header-id-meta":"","stick-header-meta":"","header-above-stick-meta":"","header-main-stick-meta":"","header-below-stick-meta":"","astra-migrate-meta-layouts":"default","ast-page-background-enabled":"default","ast-page-background-meta":{"desktop":{"background-color":"var(--ast-global-color-5)","background-image":"","background-repeat":"repeat","background-position":"center center","background-size":"auto","background-attachment":"scroll","background-type":"","background-media":"","overlay-type":"","overlay-color":"","overlay-opacity":"","overlay-gradient":""},"tablet":{"background-color":"","background-image":"","background-repeat":"repeat","background-position":"center center","background-size":"auto","background-attachment":"scroll","background-type":"","background-media":"","overlay-type":"","overlay-color":"","overlay-opacity":"","overlay-gradient":""},"mobile":{"background-color":"","background-image":"","background-repeat":"repeat","background-position":"center center","background-size":"auto","background-attachment":"scroll","background-type":"","background-media":"","overlay-type":"","overlay-color":"","overlay-opacity":"","overlay-gradient":""}},"ast-content-background-meta":{"desktop":{"background-color":"var(--ast-global-color-4)","background-image":"","background-repeat":"repeat","background-position":"center center","background-size":"auto","background-attachment":"scroll","background-type":"","background-media":"","overlay-type":"","overlay-color":"","overlay-opacity":"","overlay-gradient":""},"tablet":{"background-color":"var(--ast-global-color-4)","background-image":"","background-repeat":"repeat","background-position":"center center","background-size":"auto","background-attachment":"scroll","background-type":"","background-media":"","overlay-type":"","overlay-color":"","overlay-opacity":"","overlay-gradient":""},"mobile":{"background-color":"var(--ast-global-color-4)","background-image":"","background-repeat":"repeat","background-position":"center center","background-size":"auto","background-attachment":"scroll","background-type":"","background-media":"","overlay-type":"","overlay-color":"","overlay-opacity":"","overlay-gradient":""}},"footnotes":""},"class_list":["post-277","page","type-page","status-publish","hentry"],"_links":{"self":[{"href":"https:\/\/redplaneta.cl\/web\/wp-json\/wp\/v2\/pages\/277","targetHints":{"allow":["GET"]}}],"collection":[{"href":"https:\/\/redplaneta.cl\/web\/wp-json\/wp\/v2\/pages"}],"about":[{"href":"https:\/\/redplaneta.cl\/web\/wp-json\/wp\/v2\/types\/page"}],"author":[{"embeddable":true,"href":"https:\/\/redplaneta.cl\/web\/wp-json\/wp\/v2\/users\/1"}],"replies":[{"embeddable":true,"href":"https:\/\/redplaneta.cl\/web\/wp-json\/wp\/v2\/comments?post=277"}],"version-history":[{"count":7,"href":"https:\/\/redplaneta.cl\/web\/wp-json\/wp\/v2\/pages\/277\/revisions"}],"predecessor-version":[{"id":586,"href":"https:\/\/redplaneta.cl\/web\/wp-json\/wp\/v2\/pages\/277\/revisions\/586"}],"wp:attachment":[{"href":"https:\/\/redplaneta.cl\/web\/wp-json\/wp\/v2\/media?parent=277"}],"curies":[{"name":"wp","href":"https:\/\/api.w.org\/{rel}","templated":true}]}}